{"id":3,"date":"2021-07-01T17:45:27","date_gmt":"2021-07-01T17:45:27","guid":{"rendered":"https:\/\/test.achtsamkeit-ludwigsburg.de\/?page_id=3"},"modified":"2023-08-25T19:19:46","modified_gmt":"2023-08-25T19:19:46","slug":"privacy-policy","status":"publish","type":"page","link":"https:\/\/test.achtsamkeit-ludwigsburg.de\/?page_id=3","title":{"rendered":"Datenschutzerkl\u00e4rung"},"content":{"rendered":"<p>[et_pb_section fb_built=&#8220;1&#8243; _builder_version=&#8220;4.16&#8243; global_colors_info=&#8220;{}&#8220;][et_pb_row _builder_version=&#8220;4.16&#8243; background_size=&#8220;initial&#8220; background_position=&#8220;top_left&#8220; background_repeat=&#8220;repeat&#8220; global_colors_info=&#8220;{}&#8220;][et_pb_column type=&#8220;4_4&#8243; _builder_version=&#8220;4.16&#8243; custom_padding=&#8220;|||&#8220; global_colors_info=&#8220;{}&#8220; custom_padding__hover=&#8220;|||&#8220;][et_pb_text _builder_version=&#8220;4.22.1&#8243; background_size=&#8220;initial&#8220; background_position=&#8220;top_left&#8220; background_repeat=&#8220;repeat&#8220; hover_enabled=&#8220;0&#8243; global_colors_info=&#8220;{}&#8220; sticky_enabled=&#8220;0&#8243;]<!-- divi:heading {\"level\":1} --><\/p>\n<h2>Datenschutzerkl\u00e4rung<\/h2>\n<h3>Datenschutz<\/h3>\n<p>Die Betreiber dieser Seiten nehmen den Schutz Ihrer pers\u00f6nlichen Daten sehr ernst. Wir behandeln Ihre personenbezogenen Daten vertraulich und entsprechend der gesetzlichen Datenschutzvorschriften sowie dieser Datenschutzerkl\u00e4rung.<br \/>Die Nutzung unserer Webseite ist in der Regel ohne Angabe personenbezogener Daten m\u00f6glich. Soweit auf unseren Seiten personenbezogene Daten (beispielsweise Name, Anschrift oder E-Mail-Adressen) erhoben werden, erfolgt dies, soweit m\u00f6glich, stets auf freiwilliger Basis. Diese Daten werden ohne Ihre ausdr\u00fcckliche Zustimmung nicht an Dritte weitergegeben.<br \/>Wir weisen darauf hin, dass die Daten\u00fcbertragung im Internet (z.B. bei der Kommunikation per E-Mail) Sicherheitsl\u00fccken aufweisen kann. Ein l\u00fcckenloser Schutz der Daten vor dem Zugriff durch Dritte ist nicht m\u00f6glich.<\/p>\n<h3>Cookies<\/h3>\n<p>Die Internetseiten verwenden teilweise so genannte Cookies. Cookies richten auf Ihrem Rechner keinen Schaden an und enthalten keine Viren. Cookies dienen dazu, unser Angebot nutzerfreundlicher, effektiver und sicherer zu machen. Cookies sind kleine Textdateien, die auf Ihrem Rechner abgelegt werden und die Ihr Browser speichert.<br \/>Die meisten der von uns verwendeten Cookies sind so genannte \u201eSession-Cookies\u201c. Sie werden nach Ende Ihres Besuchs automatisch gel\u00f6scht. Andere Cookies bleiben auf Ihrem Endger\u00e4t gespeichert, bis Sie diese l\u00f6schen. Diese Cookies erm\u00f6glichen es uns, Ihren Browser beim n\u00e4chsten Besuch wiederzuerkennen.<br \/>Sie k\u00f6nnen Ihren Browser so einstellen, dass Sie \u00fcber das Setzen von Cookies informiert werden und Cookies nur im Einzelfall erlauben, die Annahme von Cookies f\u00fcr bestimmte F\u00e4lle oder generell ausschlie\u00dfen sowie das automatische L\u00f6schen der Cookies beim Schlie\u00dfen des Browser aktivieren. Bei der Deaktivierung von Cookies kann die Funktionalit\u00e4t dieser Website eingeschr\u00e4nkt sein.<\/p>\n<h3>Server-Log-Files<\/h3>\n<p>Der Provider der Seiten erhebt und speichert automatisch Informationen in so genannten Server-Log Files, die Ihr Browser automatisch an uns \u00fcbermittelt. Dies sind:<br \/>\u2013 Browsertyp und Browserversion<br \/>\u2013 verwendetes Betriebssystem<br \/>\u2013 Referrer URL<br \/>\u2013 Hostname des zugreifenden Rechners<br \/>\u2013 Uhrzeit der Serveranfrage<br \/>Diese Daten sind nicht bestimmten Personen zuordenbar. Eine Zusammenf\u00fchrung dieser Daten mit anderen Datenquellen wird nicht vorgenommen. Wir behalten uns vor, diese Daten nachtr\u00e4glich zu pr\u00fcfen, wenn uns konkrete Anhaltspunkte f\u00fcr eine rechtswidrige Nutzung bekannt werden.<\/p>\n<h3>Kontaktformular<\/h3>\n<p>Wenn Sie uns per Kontaktformular Anfragen zukommen lassen, werden Ihre Angaben aus dem Anfrageformular inklusive der von Ihnen dort angegebenen Kontaktdaten zwecks Bearbeitung der Anfrage und f\u00fcr den Fall von Anschlussfragen bei uns gespeichert. Diese Daten geben wir nicht ohne Ihre Einwilligung weiter.<\/p>\n<h3>Newsletterdaten<\/h3>\n<p>Mit der Anmeldung zum Newsletter werden Ihr Vorname, Ihr Nachname und Ihre E-Mail-Adresse mit Ihrer Einwilligung f\u00fcr eigene Werbezwecke genutzt. Der Versand des Newsletters erfolgt durch die Newsletterversandsoftware \u201eCleverReach\u201c der CleverReach GmbH &amp; Co. KG, M\u00fchlenstr. 43, 26180 Rastede, Deutschland. Die Daten, die wir von Ihnen im Zusammenhang mit dem Newsletterversand erhalten werden daher auch an CleverReach weitergegeben. CleverReach versichert Newsletterdaten ausschlie\u00dflich auf sicheren Servern in der EU, bzw. dem EWR zu speichern und verwendet die Daten nur in unserem Auftrag zur Versendung und Auswertung der Newsletter. Zur Auswertung unserer Newsletter kommen Cookies zum Einsatz. Genaueres zum Einsatz von Cookies k\u00f6nnen Sie untenstehenden Hinweisen entnehmen.\u00a0<\/p>\n<p>N\u00e4heres zur Datensicherheit bei CleverReach erfahren Sie unter : <a href=\"https:\/\/www.cleverreach.com\/de\/datensicherheit\/\">https:\/\/www.cleverreach.com\/de\/datensicherheit\/ <\/a><br \/>N\u00e4heres zum Datenschutz bei CleverReach erfahren Sie unter: https:\/\/www.cleverreach.com\/de\/datenschutz\/\u00a0<\/p>\n<p>Die Einwilligung zum Empfang eines Newsletters per E-Mail ist jederzeit widerrufbar. In jedem Newsletter finden Sie dazu einen Link, mit dem Sie Ihre Einwilligung widerrufen k\u00f6nnen.<\/p>\n<h3>Google reCAPTCHA<\/h3>\n<p>Wir verwenden den Google-Dienst reCaptcha, um festzustellen, ob ein Mensch oder ein Computer eine bestimmte Eingabe in unserem Kontakt- oder Newsletter-Formular macht. Google pr\u00fcft anhand folgender Daten, ob Sie ein Mensch oder ein Computer sind: IP-Adresse des verwendeten Endger\u00e4ts, die Webseite, die Sie bei uns besuchen und auf der das Captcha eingebunden ist, das Datum und die Dauer des Besuchs, die Erkennungsdaten des verwendeten Browser- und Betriebssystem-Typs, Google-Account, wenn Sie bei Google eingeloggt sind, Mausbewegungen auf den reCaptcha-Fl\u00e4chen sowie Aufgaben, bei denen Sie Bilder identifizieren m\u00fcssen. Rechtsgrundlage f\u00fcr die beschriebene Datenverarbeitung ist Art. 6 Abs. 1 lit. f Datenschutz-Grundverordnung. Es besteht ein berechtigtes Interesse auf unserer Seite an dieser Datenverarbeitung, die Sicherheit unserer Webseite zu gew\u00e4hrleisten und uns vor automatisierten Eingaben (Angriffen) zu sch\u00fctzen.<\/p>\n<h3>Google Analytics<\/h3>\n<p>Diese Website nutzt Funktionen des Webanalysedienstes Google Analytics. Anbieter ist die Google Inc., 1600 Amphitheatre Parkway Mountain View, CA 94043, USA. Google Analytics verwendet so genannte \u201eCookies\u201c. Das sind Textdateien, die auf Ihrem Computer<br \/>gespeichert werden und die eine Analyse der Benutzung der Website durch Sie erm\u00f6glichen. Die durch den Cookie erzeugten Informationen \u00fcber Ihre Benutzung dieser Website werden in der Regel an einen Server von Google in den USA \u00fcbertragen und dort gespeichert.<br \/>Mehr Informationen zum Umgang mit Nutzerdaten bei Google Analytics finden Sie in der Datenschutzerkl\u00e4rung von Google: https:\/\/support.google.com\/analytics\/answer\/6004245?hl=de<\/p>\n<h3>Facebook Remarketing<\/h3>\n<p>Diese Website verwendet die Remarketing-Funktion \u201eCustom Audiences\u201c der Facebook Inc. (\u201eFacebook\u201c). Diese Funktion dient dazu, Besuchern dieser Webseite im Rahmen des Besuchs des sozialen Netzwerkes\u00a0<a href=\"https:\/\/www.trafficmaxx.de\/social-media-marketing\">Facebook interessenbezogene Werbeanzeigen<\/a>\u00a0(\u201eFacebook-Ads\u201c) zu pr\u00e4sentieren. Hierzu wurde auf dieser Website das Remarketing-Tag von Facebook implementiert.\u00a0\u00dcber dieses Tag wird beim Besuch der Webseite eine direkte Verbindung zu den Facebook-Servern hergestellt. Dabei wird an den Facebook-Server \u00fcbermittelt, dass Sie diese Website besucht haben und Facebook ordnet diese Information Ihrem pers\u00f6nlichen Facebook-Benutzerkonto zu. N\u00e4here Informationen zur Erhebung und Nutzung der Daten durch Facebook sowie \u00fcber Ihre diesbez\u00fcglichen Rechte und M\u00f6glichkeiten zum Schutz Ihrer Privatsph\u00e4re finden Sie in den Datenschutzhinweisen von Facebook unter\u00a0<a class=\"external-link-new-window\" title=\"Opens external link in new window\" href=\"https:\/\/www.facebook.com\/about\/privacy\/\" target=\"_blank\" rel=\"noopener noreferrer\">https:\/\/www.facebook.com\/about\/privacy\/<\/a>. Alternativ k\u00f6nnen Sie die Remarketing-Funktion \u201eCustom Audiences\u201c unter\u00a0<a class=\"external-link-new-window\" title=\"Opens external link in new window\" href=\"https:\/\/www.facebook.com\/settings\/?tab=ads#_=_\" target=\"_blank\" rel=\"noopener noreferrer\">https:\/\/www.facebook.com\/settings\/?tab=ads#_=_<\/a>\u00a0deaktivieren. Hierf\u00fcr m\u00fcssen Sie bei Facebook angemeldet sein.<\/p>\n<h3>Browser Plugin<\/h3>\n<p>Sie k\u00f6nnen die Speicherung der Cookies durch eine entsprechende Einstellung Ihrer Browser-Software verhindern; wir weisen Sie jedoch darauf hin, dass Sie in diesem Fall gegebenenfalls nicht s\u00e4mtliche Funktionen dieser Website vollumf\u00e4nglich werden nutzen k\u00f6nnen. Sie k\u00f6nnen dar\u00fcber hinaus die Erfassung der durch den Cookie erzeugten und auf Ihre Nutzung der Website bezogenen Daten (inkl.<br \/>Ihrer IP-Adresse) an Google sowie die Verarbeitung dieser Daten durch Google verhindern, indem Sie das unter dem folgenden Link verf\u00fcgbare Browser-Plugin herunterladen und installieren: https:\/\/tools.google.com\/dlpage\/gaoptout?hl=de<\/p>\n<h3>Widerspruch gegen Datenerfassung<\/h3>\n<p>Sie k\u00f6nnen die Erfassung Ihrer Daten durch Google Analytics verhindern, indem Sie auf folgenden Link klicken. Es wird ein Opt-Out-Cookie gesetzt, der die Erfassung Ihrer Daten bei zuk\u00fcnftigen Besuchen dieser Website verhindert: Google Analytics deaktivieren<\/p>\n<h3>Speicherung der IP Adresse<\/h3>\n<p>Unsere Kommentarfunktion speichert die IP-Adressen der Nutzer, die Kommentare verfassen. Da wir Kommentare auf unserer Seite nicht vor der Freischaltung pr\u00fcfen, ben\u00f6tigen wir diese Daten, um im Falle von Rechtsverletzungen wie Beleidigungen oder Propaganda gegen den Verfasser vorgehen zu k\u00f6nnen.<\/p>\n<h3>SSL-Verschl\u00fcsselung<\/h3>\n<p>Diese Seite nutzt aus Gr\u00fcnden der Sicherheit und zum Schutz der \u00dcbertragung vertraulicher Inhalte, wie zum Beispiel der Anfragen, die Sie an uns als Seitenbetreiber senden, eine SSL-Verschl\u00fcsselung. Eine verschl\u00fcsselte Verbindung erkennen Sie daran, dass die Adresszeile des Browsers von \u201ehttp:\/\/\u201c auf \u201ehttps:\/\/\u201c wechselt und an dem Schloss-Symbol in Ihrer Browserzeile. Wenn die SSL Verschl\u00fcsselung aktiviert ist, k\u00f6nnen die Daten, die Sie an uns \u00fcbermitteln, nicht von Dritten mitgelesen werden.<\/p>\n<h3>Recht auf Auskunft, L\u00f6schung, Sperrung<\/h3>\n<p>Sie haben jederzeit das Recht auf unentgeltliche Auskunft \u00fcber Ihre gespeicherten personenbezogenen Daten, deren Herkunft und Empf\u00e4nger und den Zweck der Datenverarbeitung sowie ein Recht auf Berichtigung, Sperrung oder L\u00f6schung dieser Daten. Hierzu sowie zu weiteren Fragen zum Thema personenbezogene Daten k\u00f6nnen Sie sich jederzeit unter der im Impressum angegebenen Adresse an uns wenden.<\/p>\n<p>&nbsp;<\/p>\n<p>&nbsp;<\/p>\n<p>&nbsp;<\/p>\n<p>&nbsp;<\/p>\n<p><!-- \/divi:paragraph -->[\/et_pb_text][\/et_pb_column][\/et_pb_row][\/et_pb_section]<\/p>\n","protected":false},"excerpt":{"rendered":"<p>Datenschutzerkl\u00e4rung Datenschutz Die Betreiber dieser Seiten nehmen den Schutz Ihrer pers\u00f6nlichen Daten sehr ernst. Wir behandeln Ihre personenbezogenen Daten vertraulich und entsprechend der gesetzlichen Datenschutzvorschriften sowie dieser Datenschutzerkl\u00e4rung.Die Nutzung unserer Webseite ist in der Regel ohne Angabe personenbezogener Daten m\u00f6glich. Soweit auf unseren Seiten personenbezogene Daten (beispielsweise Name, Anschrift oder E-Mail-Adressen) erhoben werden, erfolgt dies, [&hellip;]<\/p>\n","protected":false},"author":1,"featured_media":0,"parent":0,"menu_order":0,"comment_status":"closed","ping_status":"open","template":"","meta":{"_et_pb_use_builder":"on","_et_pb_old_content":"<!-- wp:heading {\"level\":1} -->\n<h1 class=\"wp-block-heading\"><\/h1>\n<!-- \/wp:heading -->\n\n<!-- wp:heading -->\n<h2 class=\"wp-block-heading\">Datenschutz<\/h2>\n<!-- \/wp:heading -->\n\n<!-- wp:paragraph -->\n<p>Die Betreiber dieser Seiten nehmen den Schutz Ihrer pers\u00f6nlichen Daten sehr ernst. Wir behandeln Ihre personenbezogenen Daten vertraulich und entsprechend der gesetzlichen Datenschutzvorschriften sowie dieser Datenschutzerkl\u00e4rung.<br>Die Nutzung unserer Webseite ist in der Regel ohne Angabe personenbezogener Daten m\u00f6glich. Soweit auf unseren Seiten personenbezogene Daten (beispielsweise Name, Anschrift oder E-Mail-Adressen) erhoben werden, erfolgt dies, soweit m\u00f6glich, stets auf freiwilliger Basis. Diese Daten werden ohne Ihre ausdr\u00fcckliche Zustimmung nicht an Dritte weitergegeben.<br>Wir weisen darauf hin, dass die Daten\u00fcbertragung im Internet (z.B. bei der Kommunikation per E-Mail) Sicherheitsl\u00fccken aufweisen kann. Ein l\u00fcckenloser Schutz der Daten vor dem Zugriff durch Dritte ist nicht m\u00f6glich.<\/p>\n<!-- \/wp:paragraph -->\n\n<!-- wp:heading -->\n<h2 class=\"wp-block-heading\">Cookies<\/h2>\n<!-- \/wp:heading -->\n\n<!-- wp:paragraph -->\n<p>Die Internetseiten verwenden teilweise so genannte Cookies. Cookies richten auf Ihrem Rechner keinen Schaden an und enthalten keine Viren. Cookies dienen dazu, unser Angebot nutzerfreundlicher, effektiver und sicherer zu machen. Cookies sind kleine Textdateien, die auf Ihrem Rechner abgelegt werden und die Ihr Browser speichert.<br>Die meisten der von uns verwendeten Cookies sind so genannte \u201eSession-Cookies\u201c. Sie werden nach Ende Ihres Besuchs automatisch gel\u00f6scht. Andere Cookies bleiben auf Ihrem Endger\u00e4t gespeichert, bis Sie diese l\u00f6schen. Diese Cookies erm\u00f6glichen es uns, Ihren Browser beim n\u00e4chsten Besuch wiederzuerkennen.<br>Sie k\u00f6nnen Ihren Browser so einstellen, dass Sie \u00fcber das Setzen von Cookies informiert werden und Cookies nur im Einzelfall erlauben, die Annahme von Cookies f\u00fcr bestimmte F\u00e4lle oder generell ausschlie\u00dfen sowie das automatische L\u00f6schen der Cookies beim Schlie\u00dfen des Browser aktivieren. Bei der Deaktivierung von Cookies kann die Funktionalit\u00e4t dieser Website eingeschr\u00e4nkt sein.<\/p>\n<!-- \/wp:paragraph -->\n\n<!-- wp:heading -->\n<h2 class=\"wp-block-heading\">Server-Log-Files<\/h2>\n<!-- \/wp:heading -->\n\n<!-- wp:paragraph -->\n<p>Der Provider der Seiten erhebt und speichert automatisch Informationen in so genannten Server-Log Files, die Ihr Browser automatisch an uns \u00fcbermittelt. Dies sind:<br>\u2013 Browsertyp und Browserversion<br>\u2013 verwendetes Betriebssystem<br>\u2013 Referrer URL<br>\u2013 Hostname des zugreifenden Rechners<br>\u2013 Uhrzeit der Serveranfrage<br>Diese Daten sind nicht bestimmten Personen zuordenbar. Eine Zusammenf\u00fchrung dieser Daten mit anderen Datenquellen wird nicht vorgenommen. Wir behalten uns vor, diese Daten nachtr\u00e4glich zu pr\u00fcfen, wenn uns konkrete Anhaltspunkte f\u00fcr eine rechtswidrige Nutzung bekannt werden.<\/p>\n<!-- \/wp:paragraph -->\n\n<!-- wp:heading {\"level\":3} -->\n<h3 class=\"wp-block-heading\">Kontaktformular<\/h3>\n<!-- \/wp:heading -->\n\n<!-- wp:paragraph -->\n<p>Wenn Sie uns per Kontaktformular Anfragen zukommen lassen, werden Ihre Angaben aus dem Anfrageformular inklusive der von Ihnen dort angegebenen Kontaktdaten zwecks Bearbeitung der Anfrage und f\u00fcr den Fall von Anschlussfragen bei uns gespeichert. Diese Daten geben wir nicht ohne Ihre Einwilligung weiter.<\/p>\n<!-- \/wp:paragraph -->\n\n<!-- wp:heading {\"level\":3} -->\n<h3 class=\"wp-block-heading\">Newsletterdaten<\/h3>\n<!-- \/wp:heading -->\n\n<!-- wp:paragraph -->\n<p>Mit der Anmeldung zum Newsletter werden Ihr Vorname, Ihr Nachname und Ihre E-Mail-Adresse mit Ihrer Einwilligung f\u00fcr eigene Werbezwecke genutzt. Der Versand des Newsletters erfolgt durch die Newsletterversandsoftware \u201eCleverReach\u201c der CleverReach GmbH &amp; Co. KG, M\u00fchlenstr. 43, 26180 Rastede, Deutschland. Die Daten, die wir von Ihnen im Zusammenhang mit dem Newsletterversand erhalten werden daher auch an CleverReach weitergegeben. CleverReach versichert Newsletterdaten ausschlie\u00dflich auf sicheren Servern in der EU, bzw. dem EWR zu speichern und verwendet die Daten nur in unserem Auftrag zur Versendung und Auswertung der Newsletter. Zur Auswertung unserer Newsletter kommen Cookies zum Einsatz. Genaueres zum Einsatz von Cookies k\u00f6nnen Sie untenstehenden Hinweisen entnehmen.&nbsp;<\/p>\n<!-- \/wp:paragraph -->\n\n<!-- wp:paragraph -->\n<p>N\u00e4heres zur Datensicherheit bei CleverReach erfahren Sie unter : https:\/\/www.cleverreach.com\/de\/datensicherheit\/&nbsp;<\/p>\n<!-- \/wp:paragraph -->\n\n<!-- wp:paragraph -->\n<p>N\u00e4heres zum Datenschutz bei CleverReach erfahren Sie unter: https:\/\/www.cleverreach.com\/de\/datenschutz\/&nbsp;<\/p>\n<!-- \/wp:paragraph -->\n\n<!-- wp:paragraph -->\n<p>Die Einwilligung zum Empfang eines Newsletters per E-Mail ist jederzeit widerrufbar. In jedem Newsletter finden Sie dazu einen Link, mit dem Sie Ihre Einwilligung widerrufen k\u00f6nnen.<\/p>\n<!-- \/wp:paragraph -->\n\n<!-- wp:heading {\"level\":3} -->\n<h3 class=\"wp-block-heading\">Google reCAPTCHA<\/h3>\n<!-- \/wp:heading -->\n\n<!-- wp:paragraph -->\n<p>Wir verwenden den Google-Dienst reCaptcha, um festzustellen, ob ein Mensch oder ein Computer eine bestimmte Eingabe in unserem Kontakt- oder Newsletter-Formular macht. Google pr\u00fcft anhand folgender Daten, ob Sie ein Mensch oder ein Computer sind: IP-Adresse des verwendeten Endger\u00e4ts, die Webseite, die Sie bei uns besuchen und auf der das Captcha eingebunden ist, das Datum und die Dauer des Besuchs, die Erkennungsdaten des verwendeten Browser- und Betriebssystem-Typs, Google-Account, wenn Sie bei Google eingeloggt sind, Mausbewegungen auf den reCaptcha-Fl\u00e4chen sowie Aufgaben, bei denen Sie Bilder identifizieren m\u00fcssen. Rechtsgrundlage f\u00fcr die beschriebene Datenverarbeitung ist Art. 6 Abs. 1 lit. f Datenschutz-Grundverordnung. Es besteht ein berechtigtes Interesse auf unserer Seite an dieser Datenverarbeitung, die Sicherheit unserer Webseite zu gew\u00e4hrleisten und uns vor automatisierten Eingaben (Angriffen) zu sch\u00fctzen.<\/p>\n<!-- \/wp:paragraph -->\n\n<!-- wp:heading {\"level\":3} -->\n<h3 class=\"wp-block-heading\">Google Analytics<\/h3>\n<!-- \/wp:heading -->\n\n<!-- wp:paragraph -->\n<p>Diese Website nutzt Funktionen des Webanalysedienstes Google Analytics. Anbieter ist die Google Inc., 1600 Amphitheatre Parkway Mountain View, CA 94043, USA. Google Analytics verwendet so genannte \u201eCookies\u201c. Das sind Textdateien, die auf Ihrem Computer<br>gespeichert werden und die eine Analyse der Benutzung der Website durch Sie erm\u00f6glichen. Die durch den Cookie erzeugten Informationen \u00fcber Ihre Benutzung dieser Website werden in der Regel an einen Server von Google in den USA \u00fcbertragen und dort gespeichert.<br>Mehr Informationen zum Umgang mit Nutzerdaten bei Google Analytics finden Sie in der Datenschutzerkl\u00e4rung von Google: https:\/\/support.google.com\/analytics\/answer\/6004245?hl=de<\/p>\n<!-- \/wp:paragraph -->\n\n<!-- wp:heading {\"level\":3} -->\n<h3 class=\"wp-block-heading\">Facebook Remarketing<\/h3>\n<!-- \/wp:heading -->\n\n<!-- wp:paragraph -->\n<p>Diese Website verwendet die Remarketing-Funktion \u201eCustom Audiences\u201c der Facebook Inc. (\u201eFacebook\u201c). Diese Funktion dient dazu, Besuchern dieser Webseite im Rahmen des Besuchs des sozialen Netzwerkes&nbsp;<a href=\"https:\/\/www.trafficmaxx.de\/social-media-marketing\">Facebook interessenbezogene Werbeanzeigen<\/a>&nbsp;(\u201eFacebook-Ads\u201c) zu pr\u00e4sentieren. Hierzu wurde auf dieser Website das Remarketing-Tag von Facebook implementiert.&nbsp;\u00dcber dieses Tag wird beim Besuch der Webseite eine direkte Verbindung zu den Facebook-Servern hergestellt. Dabei wird an den Facebook-Server \u00fcbermittelt, dass Sie diese Website besucht haben und Facebook ordnet diese Information Ihrem pers\u00f6nlichen Facebook-Benutzerkonto zu. N\u00e4here Informationen zur Erhebung und Nutzung der Daten durch Facebook sowie \u00fcber Ihre diesbez\u00fcglichen Rechte und M\u00f6glichkeiten zum Schutz Ihrer Privatsph\u00e4re finden Sie in den Datenschutzhinweisen von Facebook unter&nbsp;<a href=\"https:\/\/www.facebook.com\/about\/privacy\/\" target=\"_blank\" rel=\"noreferrer noopener\">https:\/\/www.facebook.com\/about\/privacy\/<\/a>. Alternativ k\u00f6nnen Sie die Remarketing-Funktion \u201eCustom Audiences\u201c unter&nbsp;<a href=\"https:\/\/www.facebook.com\/settings\/?tab=ads#_=_\" target=\"_blank\" rel=\"noreferrer noopener\">https:\/\/www.facebook.com\/settings\/?tab=ads#_=_<\/a>&nbsp;deaktivieren. Hierf\u00fcr m\u00fcssen Sie bei Facebook angemeldet sein.<\/p>\n<!-- \/wp:paragraph -->\n\n<!-- wp:heading {\"level\":3} -->\n<h3 class=\"wp-block-heading\">Browser Plugin<\/h3>\n<!-- \/wp:heading -->\n\n<!-- wp:paragraph -->\n<p>Sie k\u00f6nnen die Speicherung der Cookies durch eine entsprechende Einstellung Ihrer Browser-Software verhindern; wir weisen Sie jedoch darauf hin, dass Sie in diesem Fall gegebenenfalls nicht s\u00e4mtliche Funktionen dieser Website vollumf\u00e4nglich werden nutzen k\u00f6nnen. Sie k\u00f6nnen dar\u00fcber hinaus die Erfassung der durch den Cookie erzeugten und auf Ihre Nutzung der Website bezogenen Daten (inkl.<br>Ihrer IP-Adresse) an Google sowie die Verarbeitung dieser Daten durch Google verhindern, indem Sie das unter dem folgenden Link verf\u00fcgbare Browser-Plugin herunterladen und installieren: https:\/\/tools.google.com\/dlpage\/gaoptout?hl=de<\/p>\n<!-- \/wp:paragraph -->\n\n<!-- wp:heading {\"level\":3} -->\n<h3 class=\"wp-block-heading\">Widerspruch gegen Datenerfassung<\/h3>\n<!-- \/wp:heading -->\n\n<!-- wp:paragraph -->\n<p>Sie k\u00f6nnen die Erfassung Ihrer Daten durch Google Analytics verhindern, indem Sie auf folgenden Link klicken. Es wird ein Opt-Out-Cookie gesetzt, der die Erfassung Ihrer Daten bei zuk\u00fcnftigen Besuchen dieser Website verhindert: Google Analytics deaktivieren<\/p>\n<!-- \/wp:paragraph -->\n\n<!-- wp:heading {\"level\":3} -->\n<h3 class=\"wp-block-heading\">Speicherung der IP Adresse<\/h3>\n<!-- \/wp:heading -->\n\n<!-- wp:paragraph -->\n<p>Unsere Kommentarfunktion speichert die IP-Adressen der Nutzer, die Kommentare verfassen. Da wir Kommentare auf unserer Seite nicht vor der Freischaltung pr\u00fcfen, ben\u00f6tigen wir diese Daten, um im Falle von Rechtsverletzungen wie Beleidigungen oder Propaganda gegen den Verfasser vorgehen zu k\u00f6nnen.<\/p>\n<!-- \/wp:paragraph -->\n\n<!-- wp:heading {\"level\":3} -->\n<h3 class=\"wp-block-heading\">SSL-Verschl\u00fcsselung<\/h3>\n<!-- \/wp:heading -->\n\n<!-- wp:paragraph -->\n<p>Diese Seite nutzt aus Gr\u00fcnden der Sicherheit und zum Schutz der \u00dcbertragung vertraulicher Inhalte, wie zum Beispiel der Anfragen, die Sie an uns als Seitenbetreiber senden, eine SSL-Verschl\u00fcsselung. Eine verschl\u00fcsselte Verbindung erkennen Sie daran, dass die Adresszeile des Browsers von \u201ehttp:\/\/\u201c auf \u201ehttps:\/\/\u201c wechselt und an dem Schloss-Symbol in Ihrer Browserzeile. Wenn die SSL Verschl\u00fcsselung aktiviert ist, k\u00f6nnen die Daten, die Sie an uns \u00fcbermitteln, nicht von Dritten mitgelesen werden.<\/p>\n<!-- \/wp:paragraph -->\n\n<!-- wp:heading {\"level\":3} -->\n<h3 class=\"wp-block-heading\">Recht auf Auskunft, L\u00f6schung, Sperrung<\/h3>\n<!-- \/wp:heading -->\n\n<!-- wp:paragraph -->\n<p>Sie haben jederzeit das Recht auf unentgeltliche Auskunft \u00fcber Ihre gespeicherten personenbezogenen Daten, deren Herkunft und Empf\u00e4nger und den Zweck der Datenverarbeitung sowie ein Recht auf Berichtigung, Sperrung oder L\u00f6schung dieser Daten. Hierzu sowie zu weiteren Fragen zum Thema personenbezogene Daten k\u00f6nnen Sie sich jederzeit unter der im Impressum angegebenen Adresse an uns wenden.<\/p>\n<!-- \/wp:paragraph -->\n\n<!-- wp:paragraph -->\n<p><\/p>\n<!-- \/wp:paragraph -->","_et_gb_content_width":"","footnotes":""},"_links":{"self":[{"href":"https:\/\/test.achtsamkeit-ludwigsburg.de\/index.php?rest_route=\/wp\/v2\/pages\/3"}],"collection":[{"href":"https:\/\/test.achtsamkeit-ludwigsburg.de\/index.php?rest_route=\/wp\/v2\/pages"}],"about":[{"href":"https:\/\/test.achtsamkeit-ludwigsburg.de\/index.php?rest_route=\/wp\/v2\/types\/page"}],"author":[{"embeddable":true,"href":"https:\/\/test.achtsamkeit-ludwigsburg.de\/index.php?rest_route=\/wp\/v2\/users\/1"}],"replies":[{"embeddable":true,"href":"https:\/\/test.achtsamkeit-ludwigsburg.de\/index.php?rest_route=%2Fwp%2Fv2%2Fcomments&post=3"}],"version-history":[{"count":13,"href":"https:\/\/test.achtsamkeit-ludwigsburg.de\/index.php?rest_route=\/wp\/v2\/pages\/3\/revisions"}],"predecessor-version":[{"id":147,"href":"https:\/\/test.achtsamkeit-ludwigsburg.de\/index.php?rest_route=\/wp\/v2\/pages\/3\/revisions\/147"}],"wp:attachment":[{"href":"https:\/\/test.achtsamkeit-ludwigsburg.de\/index.php?rest_route=%2Fwp%2Fv2%2Fmedia&parent=3"}],"curies":[{"name":"wp","href":"https:\/\/api.w.org\/{rel}","templated":true}]}}